{"id":199,"date":"2015-04-06T16:57:31","date_gmt":"2015-04-06T16:57:31","guid":{"rendered":"https:\/\/analisis-de-cine.rll.lsa.umich.edu\/?page_id=199"},"modified":"2017-10-02T19:12:11","modified_gmt":"2017-10-02T19:12:11","slug":"lista-de-terminos-cinematografia","status":"publish","type":"page","link":"https:\/\/analisis-de-cine.rll.lsa.umich.edu\/?page_id=199","title":{"rendered":"Lista de t\u00e9rminos: cinematograf\u00eda"},"content":{"rendered":"<ul>\n<li><a title=\"\u00c1ngulo de encuadre\" href=\"https:\/\/analisis-de-cine.rll.lsa.umich.edu\/?encyclopedia=angulo-de-encuadre\">\u00c1ngulo de encuadre<\/a><\/li>\n<li><a title=\"\u00c1ngulo de vista de ojo de gusano\" href=\"https:\/\/analisis-de-cine.rll.lsa.umich.edu\/?encyclopedia=angulo-de-vista-de-ojo-de-gusano\">\u00c1ngulo de vista de ojo de gusano<\/a><\/li>\n<li><a title=\"\u00c1ngulo de vista de ojo de p\u00e1jaro\" href=\"https:\/\/analisis-de-cine.rll.lsa.umich.edu\/?encyclopedia=angulo-de-vista-de-ojo-de-pajaro\">\u00c1ngulo de vista de ojo de p\u00e1jaro<\/a><\/li>\n<li><a title=\"\u00c1ngulo inclinado\" href=\"https:\/\/analisis-de-cine.rll.lsa.umich.edu\/?encyclopedia=angulo-inclinado\">\u00c1ngulo inclinado<\/a><\/li>\n<li><a title=\"\u00c1ngulo inferior\" href=\"https:\/\/analisis-de-cine.rll.lsa.umich.edu\/?encyclopedia=angulo-inferior\">\u00c1ngulo inferior<\/a><\/li>\n<li><a title=\"\u00c1ngulo recto\" href=\"https:\/\/analisis-de-cine.rll.lsa.umich.edu\/?encyclopedia=angulo-recto\">\u00c1ngulo recto<\/a><\/li>\n<li><a title=\"\u00c1ngulo superior\" href=\"https:\/\/analisis-de-cine.rll.lsa.umich.edu\/?encyclopedia=angulo-superior\">\u00c1ngulo superior<\/a><\/li>\n<li><a title=\"C\u00e1mara en mano\" href=\"https:\/\/analisis-de-cine.rll.lsa.umich.edu\/?encyclopedia=camara-en-mano\">C\u00e1mara en mano<\/a><\/li>\n<li><a title=\"C\u00e1mara lenta\" href=\"https:\/\/analisis-de-cine.rll.lsa.umich.edu\/?encyclopedia=camara-lenta\">C\u00e1mara lenta<\/a><\/li>\n<li><a title=\"C\u00e1mara r\u00e1pida\" href=\"https:\/\/analisis-de-cine.rll.lsa.umich.edu\/?encyclopedia=camara-rapida\">C\u00e1mara r\u00e1pida<\/a><\/li>\n<li><a title=\"Contraste\" href=\"https:\/\/analisis-de-cine.rll.lsa.umich.edu\/?encyclopedia=contraste\">Contraste<\/a><\/li>\n<li><a title=\"Distancia de encuadre\" href=\"https:\/\/analisis-de-cine.rll.lsa.umich.edu\/?encyclopedia=distancia-de-encuadre\">Distancia de encuadre<\/a><\/li>\n<li><a title=\"Encuadre\" href=\"https:\/\/analisis-de-cine.rll.lsa.umich.edu\/?encyclopedia=encuadre\">Encuadre<\/a><\/li>\n<li><a title=\"Enfoque de alargamiento\" href=\"https:\/\/analisis-de-cine.rll.lsa.umich.edu\/?encyclopedia=enfoque-de-alargamiento\">Enfoque de alargamiento<\/a><\/li>\n<li><a title=\"Enfoque selectivo\" href=\"https:\/\/analisis-de-cine.rll.lsa.umich.edu\/?encyclopedia=enfoque-selectivo\">Enfoque selectivo<\/a><\/li>\n<li><a title=\"Espacio profundo\" href=\"https:\/\/analisis-de-cine.rll.lsa.umich.edu\/?encyclopedia=espacio-profundo\">Espacio profundo<\/a><\/li>\n<li><a title=\"Exposici\u00f3n\" href=\"https:\/\/analisis-de-cine.rll.lsa.umich.edu\/?encyclopedia=exposicion\">Exposici\u00f3n<\/a><\/li>\n<li><a title=\"Filtro\" href=\"https:\/\/analisis-de-cine.rll.lsa.umich.edu\/?encyclopedia=filtro\">Filtro<\/a><\/li>\n<li><a title=\"Inclinaci\u00f3n\" href=\"https:\/\/analisis-de-cine.rll.lsa.umich.edu\/?encyclopedia=inclinacion\">Inclinaci\u00f3n<\/a><\/li>\n<li><a title=\"Lente zoom\" href=\"https:\/\/analisis-de-cine.rll.lsa.umich.edu\/?encyclopedia=lente-zoom\">Lente zoom<\/a><\/li>\n<li><a title=\"Longitud Focal\" href=\"https:\/\/analisis-de-cine.rll.lsa.umich.edu\/?encyclopedia=longitud-focal\">Longitud Focal<\/a><\/li>\n<li><a title=\"Longitud focal corta\" href=\"https:\/\/analisis-de-cine.rll.lsa.umich.edu\/?encyclopedia=longitud-focal-corta\">Longitud focal corta<\/a><\/li>\n<li><a title=\"Longitud focal larga\" href=\"https:\/\/analisis-de-cine.rll.lsa.umich.edu\/?encyclopedia=longitud-focal-larga\">Longitud focal larga<\/a><\/li>\n<li><a title=\"Paneo\" href=\"https:\/\/analisis-de-cine.rll.lsa.umich.edu\/?encyclopedia=paneo\">Paneo<\/a><\/li>\n<li><a title=\"Plano detalle\" href=\"https:\/\/analisis-de-cine.rll.lsa.umich.edu\/?encyclopedia=plano-detalle\">Plano detalle<\/a><\/li>\n<li><a title=\"Plano detalle extremo\" href=\"https:\/\/analisis-de-cine.rll.lsa.umich.edu\/?encyclopedia=plano-detalle-extremo\">Plano detalle extremo<\/a><\/li>\n<li><a title=\"Plano general\" href=\"https:\/\/analisis-de-cine.rll.lsa.umich.edu\/?encyclopedia=plano-general\">Plano general<\/a><\/li>\n<li><a title=\"Plano medio\" href=\"https:\/\/analisis-de-cine.rll.lsa.umich.edu\/?encyclopedia=plano-medio\">Plano medio<\/a><\/li>\n<li><a title=\"Plano medio detalle\" href=\"https:\/\/analisis-de-cine.rll.lsa.umich.edu\/?encyclopedia=plano-medio-detalle\">Plano medio detalle<\/a><\/li>\n<li><a title=\"Plano medio general\" href=\"https:\/\/analisis-de-cine.rll.lsa.umich.edu\/?encyclopedia=plano-medio-general\">Plano medio general<\/a><\/li>\n<li><a title=\"Plano panor\u00e1mico\" href=\"https:\/\/analisis-de-cine.rll.lsa.umich.edu\/?encyclopedia=plano-panoramico\">Plano panor\u00e1mico<\/a><\/li>\n<li><a title=\"Profundidad de campo\" href=\"https:\/\/analisis-de-cine.rll.lsa.umich.edu\/?encyclopedia=profundidad-de-campo\">Profundidad de campo<\/a><\/li>\n<li><a title=\"Saturaci\u00f3n\" href=\"https:\/\/analisis-de-cine.rll.lsa.umich.edu\/?encyclopedia=saturacion\">Saturaci\u00f3n<\/a><\/li>\n<li><a title=\"Te\u00f1ido\" href=\"https:\/\/analisis-de-cine.rll.lsa.umich.edu\/?encyclopedia=tenido\">Te\u00f1ido<\/a><\/li>\n<li><a title=\"Toma de gr\u00faa\" href=\"https:\/\/analisis-de-cine.rll.lsa.umich.edu\/?encyclopedia=toma-de-grua\">Toma de gr\u00faa<\/a><\/li>\n<li><a title=\"Toma de seguimiento\" href=\"https:\/\/analisis-de-cine.rll.lsa.umich.edu\/?encyclopedia=toma-de-seguimiento\">Toma de seguimiento<\/a><\/li>\n<li><a title=\"Toma larga\" href=\"https:\/\/analisis-de-cine.rll.lsa.umich.edu\/?encyclopedia=toma-larga\">Toma larga<\/a><\/li>\n<li><a title=\"Traveling\" href=\"https:\/\/analisis-de-cine.rll.lsa.umich.edu\/?encyclopedia=traveling\">Traveling<\/a><\/li>\n<\/ul>\n","protected":false},"excerpt":{"rendered":"<p>\u00c1ngulo de encuadre \u00c1ngulo de vista de ojo de gusano \u00c1ngulo de vista de ojo de p\u00e1jaro \u00c1ngulo inclinado \u00c1ngulo inferior \u00c1ngulo recto \u00c1ngulo superior C\u00e1mara en mano C\u00e1mara lenta C\u00e1mara r\u00e1pida Contraste Distancia de encuadre Encuadre Enfoque de alargamiento Enfoque selectivo Espacio profundo Exposici\u00f3n Filtro Inclinaci\u00f3n Lente zoom Longitud Focal Longitud focal corta Longitud &hellip; <a href=\"https:\/\/analisis-de-cine.rll.lsa.umich.edu\/?page_id=199\" class=\"more-link\">Continue reading <span class=\"screen-reader-text\">Lista de t\u00e9rminos: cinematograf\u00eda<\/span> <span class=\"meta-nav\">&rarr;<\/span><\/a><\/p>\n","protected":false},"author":3,"featured_media":0,"parent":0,"menu_order":0,"comment_status":"closed","ping_status":"open","template":"","meta":{"footnotes":""},"class_list":["post-199","page","type-page","status-publish","hentry"],"_links":{"self":[{"href":"https:\/\/analisis-de-cine.rll.lsa.umich.edu\/index.php?rest_route=\/wp\/v2\/pages\/199","targetHints":{"allow":["GET"]}}],"collection":[{"href":"https:\/\/analisis-de-cine.rll.lsa.umich.edu\/index.php?rest_route=\/wp\/v2\/pages"}],"about":[{"href":"https:\/\/analisis-de-cine.rll.lsa.umich.edu\/index.php?rest_route=\/wp\/v2\/types\/page"}],"author":[{"embeddable":true,"href":"https:\/\/analisis-de-cine.rll.lsa.umich.edu\/index.php?rest_route=\/wp\/v2\/users\/3"}],"replies":[{"embeddable":true,"href":"https:\/\/analisis-de-cine.rll.lsa.umich.edu\/index.php?rest_route=%2Fwp%2Fv2%2Fcomments&post=199"}],"version-history":[{"count":3,"href":"https:\/\/analisis-de-cine.rll.lsa.umich.edu\/index.php?rest_route=\/wp\/v2\/pages\/199\/revisions"}],"predecessor-version":[{"id":202,"href":"https:\/\/analisis-de-cine.rll.lsa.umich.edu\/index.php?rest_route=\/wp\/v2\/pages\/199\/revisions\/202"}],"wp:attachment":[{"href":"https:\/\/analisis-de-cine.rll.lsa.umich.edu\/index.php?rest_route=%2Fwp%2Fv2%2Fmedia&parent=199"}],"curies":[{"name":"wp","href":"https:\/\/api.w.org\/{rel}","templated":true}]}}