{"id":251,"date":"2017-10-02T19:57:23","date_gmt":"2017-10-02T19:57:23","guid":{"rendered":"https:\/\/analisis-de-cine.rll.lsa.umich.edu\/?page_id=251"},"modified":"2017-10-02T19:57:23","modified_gmt":"2017-10-02T19:57:23","slug":"lista-de-terminos-edicion","status":"publish","type":"page","link":"https:\/\/analisis-de-cine.rll.lsa.umich.edu\/?page_id=251","title":{"rendered":"Lista de t\u00e9rminos: edici\u00f3n"},"content":{"rendered":"<ul>\n<li><a title=\"Construcci\u00f3n en pantalla\" href=\"https:\/\/analisis-de-cine.rll.lsa.umich.edu\/?encyclopedia=construccion-en-pantalla\">Construcci\u00f3n en pantalla<\/a><\/li>\n<li><a title=\"Construcci\u00f3n en partes\" href=\"https:\/\/analisis-de-cine.rll.lsa.umich.edu\/?encyclopedia=construccion-en-partes\">Construcci\u00f3n en partes<\/a><\/li>\n<li><a title=\"Corte\" href=\"https:\/\/analisis-de-cine.rll.lsa.umich.edu\/?encyclopedia=corte\">Corte<\/a><\/li>\n<li><a title=\"Cortinilla\" href=\"https:\/\/analisis-de-cine.rll.lsa.umich.edu\/?encyclopedia=cortinilla\">Cortinilla<\/a><\/li>\n<li><a title=\"Edici\u00f3n de continuidad\" href=\"https:\/\/analisis-de-cine.rll.lsa.umich.edu\/?encyclopedia=edicion-de-continuidad\">Edici\u00f3n de continuidad<\/a><\/li>\n<li><a title=\"Edici\u00f3n de empalme\" href=\"https:\/\/analisis-de-cine.rll.lsa.umich.edu\/?encyclopedia=edicion-de-empalme\">Edici\u00f3n de empalme<\/a><\/li>\n<li><a title=\"Efecto Kuleshov\" href=\"https:\/\/analisis-de-cine.rll.lsa.umich.edu\/?encyclopedia=efecto-kuleshov\">Efecto Kuleshov<\/a><\/li>\n<li><a title=\"Efectos de sonido\" href=\"https:\/\/analisis-de-cine.rll.lsa.umich.edu\/?encyclopedia=efectos-de-sonido\">Efectos de sonido<\/a><\/li>\n<li><a title=\"Elipsis\" href=\"https:\/\/analisis-de-cine.rll.lsa.umich.edu\/?encyclopedia=elipsis-edicion-eliptica\">Elipsis<\/a><\/li>\n<li><a title=\"Flashback\" href=\"https:\/\/analisis-de-cine.rll.lsa.umich.edu\/?encyclopedia=flashback\">Flashback<\/a><\/li>\n<li><a title=\"Flashforward\" href=\"https:\/\/analisis-de-cine.rll.lsa.umich.edu\/?encyclopedia=flashforward\">Flashforward<\/a><\/li>\n<li><a title=\"Fundido a negro\" href=\"https:\/\/analisis-de-cine.rll.lsa.umich.edu\/?encyclopedia=fundido-a-negro\">Fundido a negro<\/a><\/li>\n<li><a title=\"Fundido de negro\" href=\"https:\/\/analisis-de-cine.rll.lsa.umich.edu\/?encyclopedia=fundido-de-negro\">Fundido de negro<\/a><\/li>\n<li><a title=\"Fundido encadenado\" href=\"https:\/\/analisis-de-cine.rll.lsa.umich.edu\/?encyclopedia=fundido-encadenado\">Fundido encadenado<\/a><\/li>\n<li><a title=\"Montaje\" href=\"https:\/\/analisis-de-cine.rll.lsa.umich.edu\/?encyclopedia=montaje\">Montaje<\/a><\/li>\n<li><a title=\"Montaje asociativo\" href=\"https:\/\/analisis-de-cine.rll.lsa.umich.edu\/?encyclopedia=montaje-asociativo-montaje-intelectual\">Montaje asociativo<\/a><\/li>\n<li><a title=\"Planos cruzados\" href=\"https:\/\/analisis-de-cine.rll.lsa.umich.edu\/?encyclopedia=planos-cruzados\">Planos cruzados<\/a><\/li>\n<li><a title=\"Rompimiento anal\u00edtico\" href=\"https:\/\/analisis-de-cine.rll.lsa.umich.edu\/?encyclopedia=rompimiento-analitico\">Rompimiento anal\u00edtico<\/a><\/li>\n<\/ul>\n","protected":false},"excerpt":{"rendered":"<p>Construcci\u00f3n en pantalla Construcci\u00f3n en partes Corte Cortinilla Edici\u00f3n de continuidad Edici\u00f3n de empalme Efecto Kuleshov Efectos de sonido Elipsis Flashback Flashforward Fundido a negro Fundido de negro Fundido encadenado Montaje Montaje asociativo Planos cruzados Rompimiento anal\u00edtico<\/p>\n","protected":false},"author":3,"featured_media":0,"parent":0,"menu_order":0,"comment_status":"closed","ping_status":"closed","template":"","meta":{"footnotes":""},"class_list":["post-251","page","type-page","status-publish","hentry"],"_links":{"self":[{"href":"https:\/\/analisis-de-cine.rll.lsa.umich.edu\/index.php?rest_route=\/wp\/v2\/pages\/251","targetHints":{"allow":["GET"]}}],"collection":[{"href":"https:\/\/analisis-de-cine.rll.lsa.umich.edu\/index.php?rest_route=\/wp\/v2\/pages"}],"about":[{"href":"https:\/\/analisis-de-cine.rll.lsa.umich.edu\/index.php?rest_route=\/wp\/v2\/types\/page"}],"author":[{"embeddable":true,"href":"https:\/\/analisis-de-cine.rll.lsa.umich.edu\/index.php?rest_route=\/wp\/v2\/users\/3"}],"replies":[{"embeddable":true,"href":"https:\/\/analisis-de-cine.rll.lsa.umich.edu\/index.php?rest_route=%2Fwp%2Fv2%2Fcomments&post=251"}],"version-history":[{"count":2,"href":"https:\/\/analisis-de-cine.rll.lsa.umich.edu\/index.php?rest_route=\/wp\/v2\/pages\/251\/revisions"}],"predecessor-version":[{"id":262,"href":"https:\/\/analisis-de-cine.rll.lsa.umich.edu\/index.php?rest_route=\/wp\/v2\/pages\/251\/revisions\/262"}],"wp:attachment":[{"href":"https:\/\/analisis-de-cine.rll.lsa.umich.edu\/index.php?rest_route=%2Fwp%2Fv2%2Fmedia&parent=251"}],"curies":[{"name":"wp","href":"https:\/\/api.w.org\/{rel}","templated":true}]}}