{"id":46,"date":"2017-10-01T15:00:01","date_gmt":"2017-10-01T15:00:01","guid":{"rendered":"https:\/\/analisis-de-cine.rll.lsa.umich.edu\/?page_id=46"},"modified":"2017-10-02T20:03:47","modified_gmt":"2017-10-02T20:03:47","slug":"lecciones-sobre-el-cine","status":"publish","type":"page","link":"https:\/\/analisis-de-cine.rll.lsa.umich.edu\/?page_id=46","title":{"rendered":"La edici\u00f3n"},"content":{"rendered":"<ul>\n<li>Micro 1: Introducci\u00f3n y Transiciones<\/li>\n<li>Micro 2: Relaciones Gr\u00e1ficas y R\u00edtmicas<\/li>\n<li>Micro 3a: Relaciones Espaciales<\/li>\n<li>Micro 3b: Relaciones Temporales<\/li>\n<li>Micro 4a: La funci\u00f3n de la edici\u00f3n<\/li>\n<li>Micro 4b: Edici\u00f3n de Continuidad<\/li>\n<li>Micro 5: Montaje Excepcional<\/li>\n<li>Micro 6: Repaso &#8211; Instrucciones: Este repaso contiene dos secuencias para analizar. Responde a la primera dentro de PlayPosit.\u00a0 Analiza la segunda secuencia utilizando el\u00a0<a href=\"https:\/\/analisis-de-cine.rll.lsa.umich.edu\/wp-content\/uploads\/2015\/02\/DiagramaAna\u0301lisisToma.pdf\">Diagrama para el An\u00e1lisis de la Toma<\/a> [<a href=\"https:\/\/analisis-de-cine.rll.lsa.umich.edu\/wp-content\/uploads\/2015\/02\/DiagramaAna\u0301lisisToma.pdf\">descargar aqu\u00ed<\/a>].<\/li>\n<\/ul>\n","protected":false},"excerpt":{"rendered":"<p>Micro 1: Introducci\u00f3n y Transiciones Micro 2: Relaciones Gr\u00e1ficas y R\u00edtmicas Micro 3a: Relaciones Espaciales Micro 3b: Relaciones Temporales Micro 4a: La funci\u00f3n de la edici\u00f3n Micro 4b: Edici\u00f3n de Continuidad Micro 5: Montaje Excepcional Micro 6: Repaso &#8211; Instrucciones: Este repaso contiene dos secuencias para analizar. Responde a la primera dentro de PlayPosit.\u00a0 Analiza &hellip; <a href=\"https:\/\/analisis-de-cine.rll.lsa.umich.edu\/?page_id=46\" class=\"more-link\">Continue reading <span class=\"screen-reader-text\">La edici\u00f3n<\/span> <span class=\"meta-nav\">&rarr;<\/span><\/a><\/p>\n","protected":false},"author":3,"featured_media":0,"parent":0,"menu_order":0,"comment_status":"closed","ping_status":"closed","template":"","meta":{"footnotes":""},"class_list":["post-46","page","type-page","status-publish","hentry"],"_links":{"self":[{"href":"https:\/\/analisis-de-cine.rll.lsa.umich.edu\/index.php?rest_route=\/wp\/v2\/pages\/46","targetHints":{"allow":["GET"]}}],"collection":[{"href":"https:\/\/analisis-de-cine.rll.lsa.umich.edu\/index.php?rest_route=\/wp\/v2\/pages"}],"about":[{"href":"https:\/\/analisis-de-cine.rll.lsa.umich.edu\/index.php?rest_route=\/wp\/v2\/types\/page"}],"author":[{"embeddable":true,"href":"https:\/\/analisis-de-cine.rll.lsa.umich.edu\/index.php?rest_route=\/wp\/v2\/users\/3"}],"replies":[{"embeddable":true,"href":"https:\/\/analisis-de-cine.rll.lsa.umich.edu\/index.php?rest_route=%2Fwp%2Fv2%2Fcomments&post=46"}],"version-history":[{"count":24,"href":"https:\/\/analisis-de-cine.rll.lsa.umich.edu\/index.php?rest_route=\/wp\/v2\/pages\/46\/revisions"}],"predecessor-version":[{"id":265,"href":"https:\/\/analisis-de-cine.rll.lsa.umich.edu\/index.php?rest_route=\/wp\/v2\/pages\/46\/revisions\/265"}],"wp:attachment":[{"href":"https:\/\/analisis-de-cine.rll.lsa.umich.edu\/index.php?rest_route=%2Fwp%2Fv2%2Fmedia&parent=46"}],"curies":[{"name":"wp","href":"https:\/\/api.w.org\/{rel}","templated":true}]}}